{"id":4383,"date":"2026-02-26T12:27:01","date_gmt":"2026-02-26T12:27:01","guid":{"rendered":"https:\/\/fondazione-stella-alpina.ch\/?page_id=4383"},"modified":"2026-03-14T10:41:52","modified_gmt":"2026-03-14T10:41:52","slug":"preise-piccola-stella","status":"publish","type":"page","link":"https:\/\/fondazione-stella-alpina.ch\/de\/preise-piccola-stella\/","title":{"rendered":"PREISE Piccola Stella"},"content":{"rendered":"<p><div class=\"fusion-fullwidth fullwidth-box fusion-builder-row-1 nonhundred-percent-fullwidth non-hundred-percent-height-scrolling\" style=\"--awb-border-radius-top-left:0px;--awb-border-radius-top-right:0px;--awb-border-radius-bottom-right:0px;--awb-border-radius-bottom-left:0px;--awb-flex-wrap:wrap;\" ><div class=\"fusion-builder-row fusion-row\"><div class=\"fusion-layout-column fusion_builder_column fusion-builder-column-0 fusion_builder_column_1_1 1_1 fusion-one-full fusion-column-first fusion-column-last\" style=\"--awb-bg-size:cover;\"><div class=\"fusion-column-wrapper fusion-column-has-shadow fusion-flex-column-wrapper-legacy\"><div class=\"fusion-title title fusion-title-1 fusion-title-text fusion-title-size-one\"><h1 class=\"fusion-title-heading title-heading-left fusion-responsive-typography-calculated\" style=\"margin:0;--fontSize:46;line-height:1.11;\">Preise Hochseason\/Nebensaison<\/h1><span class=\"awb-title-spacer\"><\/span><div class=\"title-sep-container\"><div class=\"title-sep sep- sep-solid\" style=\"border-color:#e0dede;\"><\/div><\/div><\/div><div class=\"fusion-clearfix\"><\/div><\/div><\/div><\/div><\/div><div class=\"fusion-fullwidth fullwidth-box fusion-builder-row-2 fusion-flex-container has-pattern-background has-mask-background nonhundred-percent-fullwidth non-hundred-percent-height-scrolling\" style=\"--awb-border-radius-top-left:0px;--awb-border-radius-top-right:0px;--awb-border-radius-bottom-right:0px;--awb-border-radius-bottom-left:0px;--awb-flex-wrap:wrap;\" ><div class=\"fusion-builder-row fusion-row fusion-flex-align-items-flex-start fusion-flex-content-wrap\" style=\"max-width:1216.8px;margin-left: calc(-4% \/ 2 );margin-right: calc(-4% \/ 2 );\"><div class=\"fusion-layout-column fusion_builder_column fusion-builder-column-1 fusion_builder_column_1_1 1_1 fusion-flex-column\" style=\"--awb-bg-size:cover;--awb-width-large:100%;--awb-margin-top-large:0px;--awb-spacing-right-large:1.92%;--awb-margin-bottom-large:20px;--awb-spacing-left-large:1.92%;--awb-width-medium:100%;--awb-order-medium:0;--awb-spacing-right-medium:1.92%;--awb-spacing-left-medium:1.92%;--awb-width-small:100%;--awb-order-small:0;--awb-spacing-right-small:1.92%;--awb-spacing-left-small:1.92%;\"><div class=\"fusion-column-wrapper fusion-column-has-shadow fusion-flex-justify-content-flex-start fusion-content-layout-column\"><div class=\"fusion-image-element \" style=\"--awb-caption-title-font-family:var(--h2_typography-font-family);--awb-caption-title-font-weight:var(--h2_typography-font-weight);--awb-caption-title-font-style:var(--h2_typography-font-style);--awb-caption-title-size:var(--h2_typography-font-size);--awb-caption-title-transform:var(--h2_typography-text-transform);--awb-caption-title-line-height:var(--h2_typography-line-height);--awb-caption-title-letter-spacing:var(--h2_typography-letter-spacing);\"><span class=\" fusion-imageframe imageframe-none imageframe-1 hover-type-none\"><img decoding=\"async\" width=\"2244\" height=\"616\" title=\"Prezzi Piccola Stella TED\" src=\"https:\/\/fondazione-stella-alpina.ch\/wp-content\/uploads\/2026\/03\/Prezzi-Piccola-Stella-TED.png\" alt class=\"img-responsive wp-image-4507\" srcset=\"https:\/\/fondazione-stella-alpina.ch\/wp-content\/uploads\/2026\/03\/Prezzi-Piccola-Stella-TED-200x55.png 200w, https:\/\/fondazione-stella-alpina.ch\/wp-content\/uploads\/2026\/03\/Prezzi-Piccola-Stella-TED-400x110.png 400w, https:\/\/fondazione-stella-alpina.ch\/wp-content\/uploads\/2026\/03\/Prezzi-Piccola-Stella-TED-600x165.png 600w, https:\/\/fondazione-stella-alpina.ch\/wp-content\/uploads\/2026\/03\/Prezzi-Piccola-Stella-TED-800x220.png 800w, https:\/\/fondazione-stella-alpina.ch\/wp-content\/uploads\/2026\/03\/Prezzi-Piccola-Stella-TED-1200x329.png 1200w, https:\/\/fondazione-stella-alpina.ch\/wp-content\/uploads\/2026\/03\/Prezzi-Piccola-Stella-TED.png 2244w\" sizes=\"(max-width: 1024px) 100vw, (max-width: 640px) 100vw, 1200px\" \/><\/span><\/div><\/div><\/div><\/div><\/div><div class=\"fusion-fullwidth fullwidth-box fusion-builder-row-3 fusion-flex-container has-pattern-background has-mask-background nonhundred-percent-fullwidth non-hundred-percent-height-scrolling\" style=\"--awb-border-radius-top-left:0px;--awb-border-radius-top-right:0px;--awb-border-radius-bottom-right:0px;--awb-border-radius-bottom-left:0px;--awb-flex-wrap:wrap;\" ><div class=\"fusion-builder-row fusion-row fusion-flex-align-items-flex-start fusion-flex-content-wrap\" style=\"max-width:1216.8px;margin-left: calc(-4% \/ 2 );margin-right: calc(-4% \/ 2 );\"><div class=\"fusion-layout-column fusion_builder_column fusion-builder-column-2 fusion_builder_column_1_1 1_1 fusion-flex-column fusion-animated\" style=\"--awb-bg-size:cover;--awb-width-large:100%;--awb-margin-top-large:0px;--awb-spacing-right-large:1.92%;--awb-margin-bottom-large:20px;--awb-spacing-left-large:1.92%;--awb-width-medium:100%;--awb-spacing-right-medium:1.92%;--awb-spacing-left-medium:1.92%;--awb-width-small:100%;--awb-spacing-right-small:1.92%;--awb-spacing-left-small:1.92%;\" data-animationType=\"fadeInLeft\" data-animationDuration=\"0.3\" data-animationOffset=\"top-into-view\"><div class=\"fusion-column-wrapper fusion-column-has-shadow fusion-flex-justify-content-flex-start fusion-content-layout-column\"><div class=\"fusion-title title fusion-title-2 fusion-title-text fusion-title-size-three\" style=\"--awb-margin-bottom:15px;--awb-margin-bottom-small:15px;--awb-font-size:46px;\"><div class=\"title-sep-container title-sep-container-left fusion-no-large-visibility fusion-no-medium-visibility fusion-no-small-visibility\"><div class=\"title-sep sep- sep-solid\" style=\"border-color:#e0dede;\"><\/div><\/div><span class=\"awb-title-spacer fusion-no-large-visibility fusion-no-medium-visibility fusion-no-small-visibility\"><\/span><h3 class=\"fusion-title-heading title-heading-left fusion-responsive-typography-calculated\" style=\"margin:0;font-size:1em;--fontSize:46;line-height:1.67;\">Endreinigung<\/h3><span class=\"awb-title-spacer\"><\/span><div class=\"title-sep-container title-sep-container-right\"><div class=\"title-sep sep- sep-solid\" style=\"border-color:#e0dede;\"><\/div><\/div><\/div><div class=\"fusion-separator\" style=\"align-self: flex-start;margin-right:auto;margin-top:0px;margin-bottom:20px;width:100%;max-width:50px;\"><div class=\"fusion-separator-border sep-single sep-solid\" style=\"--awb-height:20px;--awb-amount:20px;border-color:#046f79;border-top-width:1px;\"><\/div><\/div><div class=\"fusion-text fusion-text-1\"><p data-start=\"108\" data-end=\"176\">Die Kosten f\u00fcr die Endreinigung richten sich nach der Gruppengr\u00f6sse:<\/p>\n<ul data-start=\"178\" data-end=\"255\">\n<li data-section-id=\"1sraxrp\" data-start=\"178\" data-end=\"214\">\n<p data-start=\"180\" data-end=\"214\"><strong data-start=\"180\" data-end=\"202\">Bis zu 4 Personen:<\/strong> CHF <strong data-start=\"207\" data-end=\"214\">160<\/strong><\/p>\n<\/li>\n<li data-section-id=\"dt63u4\" data-start=\"215\" data-end=\"255\">\n<p data-start=\"217\" data-end=\"255\"><strong data-start=\"217\" data-end=\"243\">Von 5 bis 12 Personen:<\/strong> CHF <strong data-start=\"248\" data-end=\"255\">260<\/strong><\/p>\n<\/li>\n<\/ul>\n<p data-start=\"257\" data-end=\"382\">Falls der Reinigungsaufwand h\u00f6her ausf\u00e4llt als vorgesehen, wird ein zus\u00e4tzlicher Betrag von <strong data-start=\"349\" data-end=\"370\">CHF 32 pro Stunde<\/strong> verrechnet.<\/p>\n<p data-start=\"384\" data-end=\"495\">Bei Aufenthalt mit <strong data-start=\"403\" data-end=\"413\">Hunden<\/strong> wird ein zus\u00e4tzlicher Pauschalbetrag von <strong data-start=\"455\" data-end=\"465\">CHF 50<\/strong> zur Endreinigung hinzugef\u00fcgt.<\/p>\n<\/div><\/div><\/div><\/div><\/div><div class=\"fusion-fullwidth fullwidth-box fusion-builder-row-4 fusion-flex-container has-pattern-background has-mask-background nonhundred-percent-fullwidth non-hundred-percent-height-scrolling\" style=\"--awb-border-radius-top-left:0px;--awb-border-radius-top-right:0px;--awb-border-radius-bottom-right:0px;--awb-border-radius-bottom-left:0px;--awb-flex-wrap:wrap;\" ><div class=\"fusion-builder-row fusion-row fusion-flex-align-items-flex-start fusion-flex-content-wrap\" style=\"max-width:1216.8px;margin-left: calc(-4% \/ 2 );margin-right: calc(-4% \/ 2 );\"><div class=\"fusion-layout-column fusion_builder_column fusion-builder-column-3 fusion_builder_column_1_1 1_1 fusion-flex-column fusion-animated\" style=\"--awb-bg-size:cover;--awb-width-large:100%;--awb-margin-top-large:0px;--awb-spacing-right-large:1.92%;--awb-margin-bottom-large:20px;--awb-spacing-left-large:1.92%;--awb-width-medium:100%;--awb-spacing-right-medium:1.92%;--awb-spacing-left-medium:1.92%;--awb-width-small:100%;--awb-spacing-right-small:1.92%;--awb-spacing-left-small:1.92%;\" data-animationType=\"fadeInLeft\" data-animationDuration=\"0.3\" data-animationOffset=\"top-into-view\"><div class=\"fusion-column-wrapper fusion-column-has-shadow fusion-flex-justify-content-flex-start fusion-content-layout-column\"><div class=\"fusion-title title fusion-title-3 fusion-title-text fusion-title-size-three\" style=\"--awb-margin-bottom:15px;--awb-margin-bottom-small:15px;--awb-font-size:46px;\"><div class=\"title-sep-container title-sep-container-left fusion-no-large-visibility fusion-no-medium-visibility fusion-no-small-visibility\"><div class=\"title-sep sep- sep-solid\" style=\"border-color:#e0dede;\"><\/div><\/div><span class=\"awb-title-spacer fusion-no-large-visibility fusion-no-medium-visibility fusion-no-small-visibility\"><\/span><h3 class=\"fusion-title-heading title-heading-left fusion-responsive-typography-calculated\" style=\"margin:0;font-size:1em;--fontSize:46;line-height:1.67;\">Wichtige Information<\/h3><span class=\"awb-title-spacer\"><\/span><div class=\"title-sep-container title-sep-container-right\"><div class=\"title-sep sep- sep-solid\" style=\"border-color:#e0dede;\"><\/div><\/div><\/div><div class=\"fusion-separator\" style=\"align-self: flex-start;margin-right:auto;margin-top:0px;margin-bottom:20px;width:100%;max-width:50px;\"><div class=\"fusion-separator-border sep-single sep-solid\" style=\"--awb-height:20px;--awb-amount:20px;border-color:#046f79;border-top-width:1px;\"><\/div><\/div><div class=\"fusion-text fusion-text-2\"><p>Das Haus bietet Platz f\u00fcr <strong data-start=\"602\" data-end=\"624\">bis zu 12 Personen<\/strong>.<br data-start=\"625\" data-end=\"628\" \/>F\u00fcr Aufenthalte mit <strong data-start=\"648\" data-end=\"665\">anderer Dauer<\/strong> oder bei <strong data-start=\"675\" data-end=\"698\">besonderen Anfragen<\/strong> bitten wir Sie,<a href=\"https:\/\/fondazione-stella-alpina.ch\/de\/kontakte\/\"> uns direkt zu kontaktieren.<\/a> Wir helfen Ihnen gerne, die passende L\u00f6sung zu finden.<\/p>\n<\/div><\/div><\/div><\/div><\/div><div class=\"fusion-fullwidth fullwidth-box fusion-builder-row-5 nonhundred-percent-fullwidth non-hundred-percent-height-scrolling\" style=\"--awb-border-radius-top-left:0px;--awb-border-radius-top-right:0px;--awb-border-radius-bottom-right:0px;--awb-border-radius-bottom-left:0px;--awb-flex-wrap:wrap;\" ><div class=\"fusion-builder-row fusion-row\"><div class=\"fusion-layout-column fusion_builder_column fusion-builder-column-4 fusion_builder_column_1_1 1_1 fusion-one-full fusion-column-first fusion-column-last fusion-animated\" style=\"--awb-bg-size:cover;\" data-animationType=\"fadeInLeft\" data-animationDuration=\"0.3\" data-animationOffset=\"top-into-view\"><div class=\"fusion-column-wrapper fusion-column-has-shadow fusion-flex-column-wrapper-legacy\"><div class=\"fusion-title title fusion-title-4 fusion-title-text fusion-title-size-three\" style=\"--awb-margin-bottom:15px;--awb-margin-bottom-small:15px;--awb-font-size:46px;\"><h3 class=\"fusion-title-heading title-heading-left fusion-responsive-typography-calculated\" style=\"margin:0;font-size:1em;--fontSize:46;line-height:1.67;\">Stornierungsbedingungen<\/h3><span class=\"awb-title-spacer\"><\/span><div class=\"title-sep-container\"><div class=\"title-sep sep- sep-solid\" style=\"border-color:#e0dede;\"><\/div><\/div><\/div><div class=\"fusion-sep-clear\"><\/div><div class=\"fusion-separator fusion-clearfix\" style=\"float:left;margin-top:0px;margin-bottom:20px;width:100%;max-width:50px;\"><div class=\"fusion-separator-border sep-single sep-solid\" style=\"--awb-height:20px;--awb-amount:20px;border-color:#046f79;border-top-width:1px;\"><\/div><\/div><div class=\"fusion-sep-clear\"><\/div><div class=\"fusion-text fusion-text-3\"><p><strong>Mehr als 6 Monate<\/strong> vor der Anreise: <strong>25 % <\/strong>des Gesamtbetrags<br \/>\n<strong>Weniger als 6 Monate<\/strong> vor der Anreise: <strong>30 % <\/strong>des Gesamtbetrags<br \/>\n<strong>Weniger als 5 Monate<\/strong> vor der Anreise: <strong>50 %<\/strong> des Gesamtbetrags<br \/>\n<strong>Weniger als 4 Monate<\/strong> vor der Anreise: <strong>70 % <\/strong>des Gesamtbetrags<br \/>\n<strong>Weniger als 3 Monat<\/strong>e vor der Anreise: <strong>80 % <\/strong>des Gesamtbetrags<\/p>\n<\/div><div class=\"fusion-clearfix\"><\/div><\/div><\/div><\/div><\/div><div class=\"fusion-fullwidth fullwidth-box fusion-builder-row-6 nonhundred-percent-fullwidth non-hundred-percent-height-scrolling\" style=\"--awb-background-position:center top;--awb-border-sizes-top:0px;--awb-border-sizes-bottom:0px;--awb-border-sizes-left:0px;--awb-border-sizes-right:0px;--awb-border-radius-top-left:0px;--awb-border-radius-top-right:0px;--awb-border-radius-bottom-right:0px;--awb-border-radius-bottom-left:0px;--awb-padding-top:0px;--awb-padding-bottom:15px;--awb-background-color:#f4f8fa;--awb-flex-wrap:wrap;\" ><div class=\"fusion-builder-row fusion-row\"><div class=\"fusion-layout-column fusion_builder_column fusion-builder-column-5 fusion_builder_column_1_1 1_1 fusion-one-full fusion-column-first fusion-column-last fusion-column-no-min-height\" style=\"--awb-bg-blend:overlay;--awb-bg-size:cover;--awb-margin-bottom:0px;\"><div class=\"fusion-column-wrapper fusion-flex-column-wrapper-legacy\"><div class=\"fusion-image-element fusion-image-align-center in-legacy-container\" style=\"text-align:center;--awb-max-width:200px;--awb-caption-title-font-family:var(--h2_typography-font-family);--awb-caption-title-font-weight:var(--h2_typography-font-weight);--awb-caption-title-font-style:var(--h2_typography-font-style);--awb-caption-title-size:var(--h2_typography-font-size);--awb-caption-title-transform:var(--h2_typography-text-transform);--awb-caption-title-line-height:var(--h2_typography-line-height);--awb-caption-title-letter-spacing:var(--h2_typography-letter-spacing);\"><div class=\"imageframe-align-center\"><span class=\" fusion-imageframe imageframe-none imageframe-2 hover-type-none fusion-animated\" data-animationType=\"fadeInDown\" data-animationDuration=\"0.1\" data-animationOffset=\"top-into-view\"><img decoding=\"async\" width=\"455\" height=\"400\" title=\"Stella-alpina-icon\" src=\"https:\/\/fondazione-stella-alpina.ch\/\/wp-content\/uploads\/2020\/06\/Stella-alpina-icon.png\" alt class=\"img-responsive wp-image-2018\" srcset=\"https:\/\/fondazione-stella-alpina.ch\/wp-content\/uploads\/2020\/06\/Stella-alpina-icon-200x176.png 200w, https:\/\/fondazione-stella-alpina.ch\/wp-content\/uploads\/2020\/06\/Stella-alpina-icon-400x352.png 400w, https:\/\/fondazione-stella-alpina.ch\/wp-content\/uploads\/2020\/06\/Stella-alpina-icon.png 455w\" sizes=\"(max-width: 800px) 100vw, 455px\" \/><\/span><\/div><\/div><div class=\"fusion-sep-clear\"><\/div><div class=\"fusion-separator fusion-full-width-sep\" style=\"margin-left: auto;margin-right: auto;margin-top:25px;width:100%;\"><\/div><div class=\"fusion-sep-clear\"><\/div><div class=\"fusion-clearfix\"><\/div><\/div><\/div><div class=\"fusion-layout-column fusion_builder_column fusion-builder-column-6 fusion_builder_column_1_1 1_1 fusion-one-full fusion-column-first fusion-column-last fusion-column-no-min-height\" style=\"--awb-bg-blend:overlay;--awb-bg-size:cover;--awb-margin-bottom:0px;\"><div class=\"fusion-column-wrapper fusion-flex-column-wrapper-legacy\"><div class=\"fusion-title title fusion-title-5 fusion-title-center fusion-title-text fusion-title-size-three\" style=\"--awb-margin-bottom:15px;--awb-margin-bottom-small:15px;--awb-font-size:46px;\"><div class=\"title-sep-container title-sep-container-left\"><div class=\"title-sep sep- sep-solid\" style=\"border-color:#e0dede;\"><\/div><\/div><span class=\"awb-title-spacer\"><\/span><h3 class=\"fusion-title-heading title-heading-center fusion-responsive-typography-calculated\" style=\"margin:0;font-size:1em;--fontSize:46;line-height:1.67;\">Dokumentation &amp; Info<\/h3><span class=\"awb-title-spacer\"><\/span><div class=\"title-sep-container title-sep-container-right\"><div class=\"title-sep sep- sep-solid\" style=\"border-color:#e0dede;\"><\/div><\/div><\/div><div class=\"fusion-sep-clear\"><\/div><div class=\"fusion-separator\" style=\"margin-left: auto;margin-right: auto;margin-top:15px;margin-bottom:50px;width:100%;max-width:50px;\"><div class=\"fusion-separator-border sep-single sep-solid\" style=\"--awb-height:20px;--awb-amount:20px;border-color:#046f79;border-top-width:1px;\"><\/div><\/div><div class=\"fusion-sep-clear\"><\/div><div class=\"fusion-clearfix\"><\/div><\/div><\/div><div class=\"fusion-layout-column fusion_builder_column fusion-builder-column-7 fusion_builder_column_1_1 1_1 fusion-one-full fusion-column-first fusion-column-last\" style=\"--awb-bg-blend:overlay;--awb-bg-size:cover;\"><div class=\"fusion-column-wrapper fusion-flex-column-wrapper-legacy\"><div class=\"fusion-text fusion-text-4\"><p style=\"text-align: center;\"><a href=\"https:\/\/fondazione-stella-alpina.ch\/wp-content\/uploads\/2026\/02\/SA_co_colonia_Affitto-_modello_20260212.pdf\">Vertrag<\/a><\/p>\n<\/div><div class=\"fusion-clearfix\"><\/div><\/div><\/div><\/div><\/div><\/p>\n","protected":false},"excerpt":{"rendered":"","protected":false},"author":1,"featured_media":0,"parent":0,"menu_order":0,"comment_status":"closed","ping_status":"closed","template":"100-width.php","meta":{"footnotes":""},"class_list":["post-4383","page","type-page","status-publish","hentry"],"yoast_head":"<!-- This site is optimized with the Yoast SEO plugin v23.6 - https:\/\/yoast.com\/wordpress\/plugins\/seo\/ -->\n<title>PREISE Piccola Stella - Fondazione Stella Alpina<\/title>\n<meta name=\"robots\" content=\"index, follow, max-snippet:-1, max-image-preview:large, max-video-preview:-1\" \/>\n<link rel=\"canonical\" href=\"https:\/\/fondazione-stella-alpina.ch\/de\/preise-piccola-stella\/\" \/>\n<meta property=\"og:locale\" content=\"de_DE\" \/>\n<meta property=\"og:type\" content=\"article\" \/>\n<meta property=\"og:title\" content=\"PREISE Piccola Stella - Fondazione Stella Alpina\" \/>\n<meta property=\"og:url\" content=\"https:\/\/fondazione-stella-alpina.ch\/de\/preise-piccola-stella\/\" \/>\n<meta property=\"og:site_name\" content=\"Fondazione Stella Alpina\" \/>\n<meta property=\"article:modified_time\" content=\"2026-03-14T10:41:52+00:00\" \/>\n<meta name=\"twitter:card\" content=\"summary_large_image\" \/>\n<meta name=\"twitter:label1\" content=\"Gesch\u00e4tzte Lesezeit\" \/>\n\t<meta name=\"twitter:data1\" content=\"1\u00a0Minute\" \/>\n<script type=\"application\/ld+json\" class=\"yoast-schema-graph\">{\"@context\":\"https:\/\/schema.org\",\"@graph\":[{\"@type\":\"WebPage\",\"@id\":\"https:\/\/fondazione-stella-alpina.ch\/de\/preise-piccola-stella\/\",\"url\":\"https:\/\/fondazione-stella-alpina.ch\/de\/preise-piccola-stella\/\",\"name\":\"PREISE Piccola Stella - Fondazione Stella Alpina\",\"isPartOf\":{\"@id\":\"https:\/\/fondazione-stella-alpina.ch\/#website\"},\"datePublished\":\"2026-02-26T12:27:01+00:00\",\"dateModified\":\"2026-03-14T10:41:52+00:00\",\"breadcrumb\":{\"@id\":\"https:\/\/fondazione-stella-alpina.ch\/de\/preise-piccola-stella\/#breadcrumb\"},\"inLanguage\":\"de\",\"potentialAction\":[{\"@type\":\"ReadAction\",\"target\":[\"https:\/\/fondazione-stella-alpina.ch\/de\/preise-piccola-stella\/\"]}]},{\"@type\":\"BreadcrumbList\",\"@id\":\"https:\/\/fondazione-stella-alpina.ch\/de\/preise-piccola-stella\/#breadcrumb\",\"itemListElement\":[{\"@type\":\"ListItem\",\"position\":1,\"name\":\"Home\",\"item\":\"https:\/\/fondazione-stella-alpina.ch\/de\/\"},{\"@type\":\"ListItem\",\"position\":2,\"name\":\"PREISE Piccola Stella\"}]},{\"@type\":\"WebSite\",\"@id\":\"https:\/\/fondazione-stella-alpina.ch\/#website\",\"url\":\"https:\/\/fondazione-stella-alpina.ch\/\",\"name\":\"Fondazione Stella Alpina\",\"description\":\"Prenota vacanza in val di Blenio Lucomagno\",\"publisher\":{\"@id\":\"https:\/\/fondazione-stella-alpina.ch\/#organization\"},\"potentialAction\":[{\"@type\":\"SearchAction\",\"target\":{\"@type\":\"EntryPoint\",\"urlTemplate\":\"https:\/\/fondazione-stella-alpina.ch\/?s={search_term_string}\"},\"query-input\":{\"@type\":\"PropertyValueSpecification\",\"valueRequired\":true,\"valueName\":\"search_term_string\"}}],\"inLanguage\":\"de\"},{\"@type\":\"Organization\",\"@id\":\"https:\/\/fondazione-stella-alpina.ch\/#organization\",\"name\":\"Fondazione Stella Alpina\",\"url\":\"https:\/\/fondazione-stella-alpina.ch\/\",\"logo\":{\"@type\":\"ImageObject\",\"inLanguage\":\"de\",\"@id\":\"https:\/\/fondazione-stella-alpina.ch\/#\/schema\/logo\/image\/\",\"url\":\"https:\/\/fondazione-stella-alpina.ch\/wp-content\/uploads\/2026\/01\/cropped-ChatGPT-Image-28-gen-2026-13_04_13.png\",\"contentUrl\":\"https:\/\/fondazione-stella-alpina.ch\/wp-content\/uploads\/2026\/01\/cropped-ChatGPT-Image-28-gen-2026-13_04_13.png\",\"width\":512,\"height\":512,\"caption\":\"Fondazione Stella Alpina\"},\"image\":{\"@id\":\"https:\/\/fondazione-stella-alpina.ch\/#\/schema\/logo\/image\/\"}}]}<\/script>\n<!-- \/ Yoast SEO plugin. -->","yoast_head_json":{"title":"PREISE Piccola Stella - Fondazione Stella Alpina","robots":{"index":"index","follow":"follow","max-snippet":"max-snippet:-1","max-image-preview":"max-image-preview:large","max-video-preview":"max-video-preview:-1"},"canonical":"https:\/\/fondazione-stella-alpina.ch\/de\/preise-piccola-stella\/","og_locale":"de_DE","og_type":"article","og_title":"PREISE Piccola Stella - Fondazione Stella Alpina","og_url":"https:\/\/fondazione-stella-alpina.ch\/de\/preise-piccola-stella\/","og_site_name":"Fondazione Stella Alpina","article_modified_time":"2026-03-14T10:41:52+00:00","twitter_card":"summary_large_image","twitter_misc":{"Gesch\u00e4tzte Lesezeit":"1\u00a0Minute"},"schema":{"@context":"https:\/\/schema.org","@graph":[{"@type":"WebPage","@id":"https:\/\/fondazione-stella-alpina.ch\/de\/preise-piccola-stella\/","url":"https:\/\/fondazione-stella-alpina.ch\/de\/preise-piccola-stella\/","name":"PREISE Piccola Stella - Fondazione Stella Alpina","isPartOf":{"@id":"https:\/\/fondazione-stella-alpina.ch\/#website"},"datePublished":"2026-02-26T12:27:01+00:00","dateModified":"2026-03-14T10:41:52+00:00","breadcrumb":{"@id":"https:\/\/fondazione-stella-alpina.ch\/de\/preise-piccola-stella\/#breadcrumb"},"inLanguage":"de","potentialAction":[{"@type":"ReadAction","target":["https:\/\/fondazione-stella-alpina.ch\/de\/preise-piccola-stella\/"]}]},{"@type":"BreadcrumbList","@id":"https:\/\/fondazione-stella-alpina.ch\/de\/preise-piccola-stella\/#breadcrumb","itemListElement":[{"@type":"ListItem","position":1,"name":"Home","item":"https:\/\/fondazione-stella-alpina.ch\/de\/"},{"@type":"ListItem","position":2,"name":"PREISE Piccola Stella"}]},{"@type":"WebSite","@id":"https:\/\/fondazione-stella-alpina.ch\/#website","url":"https:\/\/fondazione-stella-alpina.ch\/","name":"Fondazione Stella Alpina","description":"Prenota vacanza in val di Blenio Lucomagno","publisher":{"@id":"https:\/\/fondazione-stella-alpina.ch\/#organization"},"potentialAction":[{"@type":"SearchAction","target":{"@type":"EntryPoint","urlTemplate":"https:\/\/fondazione-stella-alpina.ch\/?s={search_term_string}"},"query-input":{"@type":"PropertyValueSpecification","valueRequired":true,"valueName":"search_term_string"}}],"inLanguage":"de"},{"@type":"Organization","@id":"https:\/\/fondazione-stella-alpina.ch\/#organization","name":"Fondazione Stella Alpina","url":"https:\/\/fondazione-stella-alpina.ch\/","logo":{"@type":"ImageObject","inLanguage":"de","@id":"https:\/\/fondazione-stella-alpina.ch\/#\/schema\/logo\/image\/","url":"https:\/\/fondazione-stella-alpina.ch\/wp-content\/uploads\/2026\/01\/cropped-ChatGPT-Image-28-gen-2026-13_04_13.png","contentUrl":"https:\/\/fondazione-stella-alpina.ch\/wp-content\/uploads\/2026\/01\/cropped-ChatGPT-Image-28-gen-2026-13_04_13.png","width":512,"height":512,"caption":"Fondazione Stella Alpina"},"image":{"@id":"https:\/\/fondazione-stella-alpina.ch\/#\/schema\/logo\/image\/"}}]}},"_links":{"self":[{"href":"https:\/\/fondazione-stella-alpina.ch\/de\/wp-json\/wp\/v2\/pages\/4383","targetHints":{"allow":["GET"]}}],"collection":[{"href":"https:\/\/fondazione-stella-alpina.ch\/de\/wp-json\/wp\/v2\/pages"}],"about":[{"href":"https:\/\/fondazione-stella-alpina.ch\/de\/wp-json\/wp\/v2\/types\/page"}],"author":[{"embeddable":true,"href":"https:\/\/fondazione-stella-alpina.ch\/de\/wp-json\/wp\/v2\/users\/1"}],"replies":[{"embeddable":true,"href":"https:\/\/fondazione-stella-alpina.ch\/de\/wp-json\/wp\/v2\/comments?post=4383"}],"version-history":[{"count":8,"href":"https:\/\/fondazione-stella-alpina.ch\/de\/wp-json\/wp\/v2\/pages\/4383\/revisions"}],"predecessor-version":[{"id":4523,"href":"https:\/\/fondazione-stella-alpina.ch\/de\/wp-json\/wp\/v2\/pages\/4383\/revisions\/4523"}],"wp:attachment":[{"href":"https:\/\/fondazione-stella-alpina.ch\/de\/wp-json\/wp\/v2\/media?parent=4383"}],"curies":[{"name":"wp","href":"https:\/\/api.w.org\/{rel}","templated":true}]}}